{"id":1708,"date":"2025-03-06T17:04:54","date_gmt":"2025-03-06T16:04:54","guid":{"rendered":"https:\/\/arme.elektroteknolog.se\/?page_id=1708"},"modified":"2026-03-25T12:57:49","modified_gmt":"2026-03-25T11:57:49","slug":"elkraftdagen","status":"publish","type":"page","link":"https:\/\/arme.elektroteknolog.se\/en\/elkraftdagen\/","title":{"rendered":"Elkraftdagen"},"content":{"rendered":"<p>[et_pb_section fb_built=&#8221;1&#8243; admin_label=&#8221;Feature Section 03&#8243; _builder_version=&#8221;4.27.4&#8243; background_color=&#8221;RGBA(255,255,255,0)&#8221; use_background_color_gradient=&#8221;on&#8221; background_color_gradient_stops=&#8221;#ffffff 80%|#fcd21d 80%&#8221; background_color_gradient_start=&#8221;#ffffff&#8221; background_color_gradient_start_position=&#8221;80%&#8221; background_color_gradient_end=&#8221;#fcd21d&#8221; background_color_gradient_end_position=&#8221;80%&#8221; custom_margin=&#8221;0px||1px||false|false&#8221; custom_padding=&#8221;0px||439px||false|false&#8221; top_divider_style=&#8221;clouds2&#8243; top_divider_color=&#8221;#EBE324&#8243; top_divider_height=&#8221;291px&#8221; bottom_divider_style=&#8221;clouds2&#8243; bottom_divider_color=&#8221;#EBE324&#8243; bottom_divider_height=&#8221;372px&#8221; bottom_divider_repeat=&#8221;1x&#8221; bottom_divider_flip=&#8221;horizontal&#8221; bottom_divider_arrangement=&#8221;above_content&#8221; bottom_divider_height_tablet=&#8221;372px&#8221; bottom_divider_height_phone=&#8221;323px&#8221; bottom_divider_height_last_edited=&#8221;on|phone&#8221; da_disable_devices=&#8221;off|off|off&#8221; global_colors_info=&#8221;{}&#8221; da_is_popup=&#8221;off&#8221; da_exit_intent=&#8221;off&#8221; da_has_close=&#8221;on&#8221; da_alt_close=&#8221;off&#8221; da_dark_close=&#8221;off&#8221; da_not_modal=&#8221;on&#8221; da_is_singular=&#8221;off&#8221; da_with_loader=&#8221;off&#8221; da_has_shadow=&#8221;on&#8221;][et_pb_row column_structure=&#8221;1_2,1_2&#8243; use_custom_gutter=&#8221;on&#8221; gutter_width=&#8221;1&#8243; custom_padding_last_edited=&#8221;on|phone&#8221; admin_label=&#8221;Feature Area&#8221; module_class=&#8221; et_pb_row_fullwidth&#8221; _builder_version=&#8221;4.27.4&#8243; background_color=&#8221;RGBA(255,255,255,0)&#8221; width=&#8221;100%&#8221; width_tablet=&#8221;100%&#8221; width_phone=&#8221;100%&#8221; width_last_edited=&#8221;on|desktop&#8221; max_width=&#8221;100%&#8221; max_width_tablet=&#8221;100%&#8221; max_width_phone=&#8221;100%&#8221; max_width_last_edited=&#8221;on|desktop&#8221; custom_margin=&#8221;0px||0px||false|false&#8221; custom_margin_tablet=&#8221;||0px||false|false&#8221; custom_margin_phone=&#8221;||0px||false|false&#8221; custom_margin_last_edited=&#8221;on|desktop&#8221; custom_padding=&#8221;120px||6px||false|false&#8221; custom_padding_tablet=&#8221;23px||474px||false|false&#8221; custom_padding_phone=&#8221;0px||444px||false|false&#8221; make_fullwidth=&#8221;on&#8221; global_colors_info=&#8221;{}&#8221;][et_pb_column type=&#8221;1_2&#8243; admin_label=&#8221;Kolumn&#8221; disabled_on=&#8221;off|off|off&#8221; _builder_version=&#8221;4.27.4&#8243; background_color=&#8221;RGBA(255,255,255,0)&#8221; custom_padding=&#8221;0px||0px||true|false&#8221; custom_padding_tablet=&#8221;0px||0px||false|false&#8221; custom_padding_phone=&#8221;0px||0px||false|false&#8221; custom_padding_last_edited=&#8221;on|phone&#8221; global_colors_info=&#8221;{}&#8221; custom_padding__hover=&#8221;|||&#8221; custom_padding__hover_enabled=&#8221;off|desktop&#8221;][et_pb_image src=&#8221;https:\/\/arme.elektroteknolog.se\/wp-content\/uploads\/2025\/10\/Elkraftdagen-hemsida.png&#8221; title_text=&#8221;Elkraftdagen hemsida&#8221; admin_label=&#8221;Image&#8221; _builder_version=&#8221;4.27.4&#8243; _module_preset=&#8221;default&#8221; width=&#8221;50%&#8221; width_tablet=&#8221;50%&#8221; width_phone=&#8221;100%&#8221; width_last_edited=&#8221;on|phone&#8221; max_width_tablet=&#8221;100%&#8221; max_width_phone=&#8221;&#8221; max_width_last_edited=&#8221;on|phone&#8221; module_alignment=&#8221;right&#8221; custom_margin=&#8221;70px||70px||true|false&#8221; custom_margin_tablet=&#8221;23px||95px|0px|false|false&#8221; custom_margin_phone=&#8221;43px||132px||false|false&#8221; custom_margin_last_edited=&#8221;on|tablet&#8221; custom_padding=&#8221;0px||132px||false|false&#8221; custom_padding_tablet=&#8221;52px||0px||false|false&#8221; custom_padding_phone=&#8221;0px|0px|0px|0px|false|false&#8221; custom_padding_last_edited=&#8221;on|tablet&#8221; module_alignment_tablet=&#8221;left&#8221; module_alignment_phone=&#8221;left&#8221; module_alignment_last_edited=&#8221;on|desktop&#8221; global_colors_info=&#8221;{}&#8221;][\/et_pb_image][et_pb_countdown_timer title=&#8221;ELKRAFTDAGEN 2026&#8243; date_time=&#8221;2026-03-26 00:00&#8243; admin_label=&#8221;Countdown Timer&#8221; _builder_version=&#8221;4.27.5&#8243; _module_preset=&#8221;default&#8221; header_font=&#8221;|700|||||||&#8221; header_text_align=&#8221;center&#8221; header_text_color=&#8221;#000000&#8243; header_font_size=&#8221;28px&#8221; header_letter_spacing=&#8221;2px&#8221; numbers_font=&#8221;&#8211;et_global_heading_font||||||||&#8221; numbers_text_color=&#8221;#000000&#8243; numbers_font_size=&#8221;24px&#8221; numbers_letter_spacing=&#8221;4px&#8221; numbers_line_height=&#8221;45px&#8221; separator_font=&#8221;&#8211;et_global_body_font||||||||&#8221; separator_text_color=&#8221;#000000&#8243; label_font=&#8221;|700|||||||&#8221; label_text_color=&#8221;#000000&#8243; label_letter_spacing=&#8221;3px&#8221; label_line_height=&#8221;15px&#8221; background_color=&#8221;#EBE324&#8243; width=&#8221;51%&#8221; width_tablet=&#8221;100%&#8221; width_phone=&#8221;100%&#8221; width_last_edited=&#8221;on|phone&#8221; max_width_tablet=&#8221;&#8221; max_width_phone=&#8221;100%&#8221; max_width_last_edited=&#8221;on|desktop&#8221; module_alignment=&#8221;right&#8221; custom_margin=&#8221;-148px||-21px||false|false&#8221; custom_margin_tablet=&#8221;-148px||||false|false&#8221; custom_margin_phone=&#8221;-146px||||false|false&#8221; custom_margin_last_edited=&#8221;on|phone&#8221; module_alignment_tablet=&#8221;right&#8221; module_alignment_phone=&#8221;right&#8221; module_alignment_last_edited=&#8221;on|desktop&#8221; custom_css_free_form=&#8221;selector {min-width: 0 !important;}&#8221; border_color_all=&#8221;#000000&#8243; global_colors_info=&#8221;{}&#8221;][\/et_pb_countdown_timer][\/et_pb_column][et_pb_column type=&#8221;1_2&#8243; admin_label=&#8221;Kolumn&#8221; _builder_version=&#8221;4.27.4&#8243; background_color=&#8221;RGBA(255,255,255,0)&#8221; custom_padding=&#8221;5%|5%|5%|5%&#8221; custom_padding_tablet=&#8221;||6%||false|false&#8221; custom_padding_phone=&#8221;0%||17%||false|false&#8221; custom_padding_last_edited=&#8221;on|tablet&#8221; global_colors_info=&#8221;{}&#8221; custom_padding__hover=&#8221;|||&#8221;][et_pb_text admin_label=&#8221;Title&#8221; _builder_version=&#8221;4.27.4&#8243; text_font=&#8221;&#8211;et_global_heading_font||||||||&#8221; text_text_color=&#8221;#747d88&#8243; text_font_size=&#8221;11px&#8221; text_line_height=&#8221;1.9em&#8221; header_font=&#8221;|700|||||||&#8221; header_text_align=&#8221;left&#8221; header_font_size=&#8221;52px&#8221; header_2_font=&#8221;Montserrat|700||on|||||&#8221; header_2_font_size=&#8221;42px&#8221; header_2_line_height=&#8221;1.3em&#8221; width=&#8221;75%&#8221; width_tablet=&#8221;75%&#8221; width_phone=&#8221;100%&#8221; width_last_edited=&#8221;on|phone&#8221; max_width=&#8221;700px&#8221; max_width_tablet=&#8221;700px&#8221; max_width_phone=&#8221;100%&#8221; max_width_last_edited=&#8221;on|phone&#8221; module_alignment=&#8221;left&#8221; min_height_last_edited=&#8221;off|phone&#8221; custom_margin=&#8221;192px|287px|-20px|0px|false|false&#8221; custom_margin_tablet=&#8221;-22px||-37px||false|false&#8221; custom_margin_phone=&#8221;17px||-29px||false|false&#8221; custom_margin_last_edited=&#8221;on|phone&#8221; custom_padding=&#8221;|1px|0px|0px|false|false&#8221; custom_padding_tablet=&#8221;|1px|0px|0px|false|false&#8221; custom_padding_phone=&#8221;|1px|0px|0px|false|false&#8221; custom_padding_last_edited=&#8221;on|phone&#8221; animation_style=&#8221;slide&#8221; animation_direction=&#8221;bottom&#8221; animation_intensity_slide=&#8221;4%&#8221; header_text_color_last_edited=&#8221;off|phone&#8221; header_font_size_tablet=&#8221;43px&#8221; header_font_size_phone=&#8221;34px&#8221; header_font_size_last_edited=&#8221;on|phone&#8221; module_alignment_tablet=&#8221;left&#8221; module_alignment_phone=&#8221;center&#8221; module_alignment_last_edited=&#8221;on|phone&#8221; locked=&#8221;off&#8221; global_colors_info=&#8221;{}&#8221;]<\/p>\n<h1><strong>\u00c4R DU INTRESSERAD AV EN FRAMTID INOM ELKRAFT?<\/strong><\/h1>\n<p>[\/et_pb_text][et_pb_divider divider_weight=&#8221;10px&#8221; admin_label=&#8221;Divider&#8221; _builder_version=&#8221;4.27.4&#8243; _module_preset=&#8221;default&#8221; width=&#8221;69%&#8221; width_tablet=&#8221;100%&#8221; width_phone=&#8221;100%&#8221; width_last_edited=&#8221;on|desktop&#8221; module_alignment=&#8221;left&#8221; custom_margin=&#8221;||-63px||false|false&#8221; custom_padding=&#8221;32px||0px||false|false&#8221; module_alignment_tablet=&#8221;left&#8221; module_alignment_phone=&#8221;left&#8221; module_alignment_last_edited=&#8221;on|phone&#8221; global_colors_info=&#8221;{}&#8221;][\/et_pb_divider][et_pb_text _builder_version=&#8221;4.27.4&#8243; _module_preset=&#8221;default&#8221; text_font=&#8221;&#8211;et_global_body_font||||||||&#8221; header_font=&#8221;|600|||||||&#8221; width=&#8221;60%&#8221; width_tablet=&#8221;60%&#8221; width_phone=&#8221;100%&#8221; width_last_edited=&#8221;on|phone&#8221; max_width_tablet=&#8221;&#8221; max_width_phone=&#8221;&#8221; max_width_last_edited=&#8221;on|phone&#8221; module_alignment=&#8221;left&#8221; custom_margin=&#8221;64px||||false|false&#8221; custom_margin_tablet=&#8221;||25px||false|false&#8221; custom_margin_phone=&#8221;||-611px||false|false&#8221; custom_margin_last_edited=&#8221;on|phone&#8221; custom_padding_tablet=&#8221;&#8221; custom_padding_phone=&#8221;&#8221; custom_padding_last_edited=&#8221;on|phone&#8221; header_font_size_tablet=&#8221;&#8221; header_font_size_phone=&#8221;24px&#8221; header_font_size_last_edited=&#8221;on|phone&#8221; module_alignment_tablet=&#8221;left&#8221; module_alignment_phone=&#8221;center&#8221; module_alignment_last_edited=&#8221;on|phone&#8221; global_colors_info=&#8221;{}&#8221;]<\/p>\n<h1 style=\"text-align: left;\">VAD \u00c4R ELKRAFTDAGEN?<\/h1>\n<p><span><\/span>Elkraftdagen \u00e4r en intressem\u00e4ssa som \u00e5rligen arrangeras av <strong>ARME <\/strong>och syftar till att inspirera studenter p\u00e5 grundprogrammen om vilka m\u00f6jligheter och utmaningar som finns inom elkraftbranschen.<span><\/span><span><\/span><\/p>\n<p><span>\u00c4r du os\u00e4ker p\u00e5 vilken master du ska v\u00e4lja?<\/span><br \/><span>Is\u00e5dannafall \u00e4r elkraftdagen ett m\u00e5ste!<\/span><br \/><span>Kom \u00f6ver till Edit-foajen den 26\/3 f\u00f6r m\u00f6jligheten att diskutera \u00e4mnet med passionerade m\u00e4nniskor ur arbetslivet. Dagen kommer se ut p\u00e5 f\u00f6ljande vis:<\/span><br \/><span>Elkraftdagen \u00e4r en \u00f6ppen m\u00e4ssa som annordnas i \u00e5r\u00a0<strong>11.00 \u2013 14.00 i Edit-foajen<\/strong>, H\u00f6rsalsv\u00e4gen 11,<\/span><br \/><span>h\u00e4r har du som student m\u00f6jlighet att m\u00f6ta representanter fr\u00e5n f\u00f6retag och prata elkraft.<\/span><br \/><span>Det kommer n\u00e4rvara ett flertal olika f\u00f6retag med stort intresse f\u00f6r elkraft.<\/span><\/p>\n<p><span>Specialg\u00e4ster i \u00e5r \u00e4r Solar Team och Ceasar som \u00e4r v\u00e4ldigt taggade p\u00e5 att prata med er om hur det \u00e4r att delta i deras arbeten.<\/span><\/p>\n<p><span>Om du k\u00e4nner dig os\u00e4ker kring vilken master du ska v\u00e4lja b\u00f6r du definitivt ta en sv\u00e4ng f\u00f6rbi.<\/span><br \/><span>Detta \u00e4r ett av de b\u00e4sta tillf\u00e4llen ni kommer f\u00e5 f\u00f6r att skapa er en skarpare bild av hur det \u00e4r att arbeta inom den breda sektorn som \u00e4r elkraft.<\/span><\/p>\n<p>[\/et_pb_text][et_pb_text admin_label=&#8221;Title&#8221; _builder_version=&#8221;4.27.4&#8243; text_font=&#8221;&#8211;et_global_heading_font|700|||||||&#8221; text_text_color=&#8221;#000000&#8243; text_font_size=&#8221;30px&#8221; text_letter_spacing=&#8221;1px&#8221; header_font=&#8221;|700|||||||&#8221; header_text_align=&#8221;left&#8221; header_text_color=&#8221;#000000&#8243; header_font_size=&#8221;36px&#8221; header_2_font=&#8221;|700||on|||||&#8221; header_2_font_size=&#8221;42px&#8221; header_2_line_height=&#8221;1.3em&#8221; width=&#8221;100%&#8221; width_tablet=&#8221;100%&#8221; width_phone=&#8221;100%&#8221; width_last_edited=&#8221;on|phone&#8221; max_width=&#8221;100%&#8221; max_width_tablet=&#8221;100%&#8221; max_width_phone=&#8221;93%&#8221; max_width_last_edited=&#8221;on|phone&#8221; module_alignment=&#8221;left&#8221; custom_margin=&#8221;31px||30px||false|false&#8221; custom_margin_tablet=&#8221;1px||0px||false|false&#8221; custom_margin_phone=&#8221;34px||60px||false|false&#8221; custom_margin_last_edited=&#8221;on|desktop&#8221; custom_padding_last_edited=&#8221;off|tablet&#8221; animation_style=&#8221;slide&#8221; animation_direction=&#8221;bottom&#8221; animation_intensity_slide=&#8221;4%&#8221; header_font_size_tablet=&#8221;36px&#8221; header_font_size_phone=&#8221;20px&#8221; header_font_size_last_edited=&#8221;on|phone&#8221; module_alignment_tablet=&#8221;left&#8221; module_alignment_phone=&#8221;right&#8221; module_alignment_last_edited=&#8221;on|desktop&#8221; locked=&#8221;off&#8221; global_colors_info=&#8221;{}&#8221;]<\/p>\n<p><strong>Vill du veta mer om elkraftmastern?<\/strong><\/p>\n<p>[\/et_pb_text][et_pb_text admin_label=&#8221;Text&#8221; _builder_version=&#8221;4.27.4&#8243; text_font=&#8221;||||||||&#8221; text_text_color=&#8221;#D8D8D8&#8243; text_font_size=&#8221;16px&#8221; text_line_height=&#8221;1.8em&#8221; header_font=&#8221;||||||||&#8221; width=&#8221;100%&#8221; width_tablet=&#8221;100%&#8221; width_phone=&#8221;100%&#8221; width_last_edited=&#8221;on|desktop&#8221; max_width=&#8221;640px&#8221; max_width_tablet=&#8221;640px&#8221; max_width_phone=&#8221;86%&#8221; max_width_last_edited=&#8221;on|phone&#8221; module_alignment=&#8221;left&#8221; custom_margin=&#8221;|||&#8221; custom_margin_tablet=&#8221;|||&#8221; custom_margin_phone=&#8221;-36px||-20px||false|false&#8221; custom_margin_last_edited=&#8221;on|phone&#8221; custom_padding=&#8221;||20px|&#8221; custom_padding_tablet=&#8221;||0px||false|false&#8221; custom_padding_phone=&#8221;||20px|&#8221; custom_padding_last_edited=&#8221;on|desktop&#8221; animation_style=&#8221;slide&#8221; animation_direction=&#8221;bottom&#8221; animation_delay=&#8221;100ms&#8221; animation_intensity_slide=&#8221;4%&#8221; link_option_url=&#8221;https:\/\/www.chalmers.se\/en\/education\/find-masters-programme\/sustainable-electric-power-engineering-and-electromobility-msc\/&#8221; link_option_url_new_window=&#8221;on&#8221; text_font_size_tablet=&#8221;16px&#8221; text_font_size_phone=&#8221;18px&#8221; text_font_size_last_edited=&#8221;on|phone&#8221; header_font_size_tablet=&#8221;&#8221; header_font_size_phone=&#8221;26px&#8221; header_font_size_last_edited=&#8221;on|phone&#8221; module_alignment_tablet=&#8221;center&#8221; module_alignment_phone=&#8221;center&#8221; module_alignment_last_edited=&#8221;on|phone&#8221; global_colors_info=&#8221;{}&#8221;]<\/p>\n<h2 id=\"sustainable-electric-power-engineering-and-electromobility-msc\" class=\"max-w-3xl text-3xl font-bold leading-snug tracking-wide text-neutral-800 md:text-4xl text-4xl font-bold text-neutral-900\"><strong>L\u00e4s mer p\u00e5 <a href=\"http:\/\/www.chalmers.se\">www.chalmers.se<\/a><\/strong><\/h2>\n<h4 class=\"max-w-3xl text-3xl font-bold leading-snug tracking-wide text-neutral-800 md:text-4xl text-4xl font-bold text-neutral-900\"><strong><\/strong><span style=\"text-decoration: underline; color: #3366ff;\"><em>Sustainable electric power engineering and electromobility<\/em><\/span><\/h4>\n<p>&nbsp;<\/p>\n<p>[\/et_pb_text][\/et_pb_column][\/et_pb_row][\/et_pb_section]<\/p>\n","protected":false},"excerpt":{"rendered":"<p>\u00c4R DU INTRESSERAD AV EN FRAMTID INOM ELKRAFT?VAD \u00c4R ELKRAFTDAGEN? Elkraftdagen \u00e4r en intressem\u00e4ssa som \u00e5rligen arrangeras av ARME och syftar till att inspirera studenter p\u00e5 grundprogrammen om vilka m\u00f6jligheter och utmaningar som finns inom elkraftbranschen. \u00c4r du os\u00e4ker p\u00e5 vilken master du ska v\u00e4lja?Is\u00e5dannafall \u00e4r elkraftdagen ett m\u00e5ste!Kom \u00f6ver till Edit-foajen den 26\/3 f\u00f6r [&hellip;]<\/p>\n","protected":false},"author":1,"featured_media":0,"parent":0,"menu_order":0,"comment_status":"closed","ping_status":"closed","template":"","meta":{"_acf_changed":false,"_et_pb_use_builder":"on","_et_pb_old_content":"","_et_gb_content_width":"","inline_featured_image":false,"footnotes":""},"class_list":["post-1708","page","type-page","status-publish","hentry"],"acf":[],"yoast_head":"<!-- This site is optimized with the Yoast SEO Premium plugin v18.7 (Yoast SEO v27.5) - https:\/\/yoast.com\/product\/yoast-seo-premium-wordpress\/ -->\n<title>Elkraftdagen - ARME<\/title>\n<meta name=\"description\" content=\"Elkraftdagen \u00e4r en intressem\u00e4ssa som \u00e5rligen arrangeras av ARME i syfte att \u00f6ka intresset f\u00f6r elkraft bland studenter p\u00e5 grundprogrammen.\" \/>\n<meta name=\"robots\" content=\"index, follow, max-snippet:-1, max-image-preview:large, max-video-preview:-1\" \/>\n<link rel=\"canonical\" href=\"https:\/\/arme.elektroteknolog.se\/en\/elkraftdagen\/\" \/>\n<meta property=\"og:locale\" content=\"en_US\" \/>\n<meta property=\"og:type\" content=\"article\" \/>\n<meta property=\"og:title\" content=\"Elkraftdagen\" \/>\n<meta property=\"og:description\" content=\"Elkraftdagen \u00e4r en intressem\u00e4ssa som \u00e5rligen arrangeras av ARME i syfte att \u00f6ka intresset f\u00f6r elkraft bland studenter p\u00e5 grundprogrammen.\" \/>\n<meta property=\"og:url\" content=\"https:\/\/arme.elektroteknolog.se\/en\/elkraftdagen\/\" \/>\n<meta property=\"og:site_name\" content=\"ARME\" \/>\n<meta property=\"article:modified_time\" content=\"2026-03-25T11:57:49+00:00\" \/>\n<meta name=\"twitter:card\" content=\"summary_large_image\" \/>\n<meta name=\"twitter:label1\" content=\"Est. reading time\" \/>\n\t<meta name=\"twitter:data1\" content=\"2 minutes\" \/>\n<script type=\"application\/ld+json\" class=\"yoast-schema-graph\">{\"@context\":\"https:\\\/\\\/schema.org\",\"@graph\":[{\"@type\":\"WebPage\",\"@id\":\"https:\\\/\\\/arme.elektroteknolog.se\\\/elkraftdagen\\\/\",\"url\":\"https:\\\/\\\/arme.elektroteknolog.se\\\/elkraftdagen\\\/\",\"name\":\"Elkraftdagen - ARME\",\"isPartOf\":{\"@id\":\"https:\\\/\\\/arme.elektroteknolog.se\\\/#website\"},\"datePublished\":\"2025-03-06T16:04:54+00:00\",\"dateModified\":\"2026-03-25T11:57:49+00:00\",\"description\":\"Elkraftdagen \u00e4r en intressem\u00e4ssa som \u00e5rligen arrangeras av ARME i syfte att \u00f6ka intresset f\u00f6r elkraft bland studenter p\u00e5 grundprogrammen.\",\"breadcrumb\":{\"@id\":\"https:\\\/\\\/arme.elektroteknolog.se\\\/elkraftdagen\\\/#breadcrumb\"},\"inLanguage\":\"en-US\",\"potentialAction\":[{\"@type\":\"ReadAction\",\"target\":[\"https:\\\/\\\/arme.elektroteknolog.se\\\/elkraftdagen\\\/\"]}]},{\"@type\":\"BreadcrumbList\",\"@id\":\"https:\\\/\\\/arme.elektroteknolog.se\\\/elkraftdagen\\\/#breadcrumb\",\"itemListElement\":[{\"@type\":\"ListItem\",\"position\":1,\"name\":\"Home\",\"item\":\"https:\\\/\\\/arme.elektroteknolog.se\\\/\"},{\"@type\":\"ListItem\",\"position\":2,\"name\":\"Elkraftdagen\"}]},{\"@type\":\"WebSite\",\"@id\":\"https:\\\/\\\/arme.elektroteknolog.se\\\/#website\",\"url\":\"https:\\\/\\\/arme.elektroteknolog.se\\\/\",\"name\":\"ARME\",\"description\":\"Arbetsmarknadsgruppen Elektro\",\"potentialAction\":[{\"@type\":\"SearchAction\",\"target\":{\"@type\":\"EntryPoint\",\"urlTemplate\":\"https:\\\/\\\/arme.elektroteknolog.se\\\/?s={search_term_string}\"},\"query-input\":{\"@type\":\"PropertyValueSpecification\",\"valueRequired\":true,\"valueName\":\"search_term_string\"}}],\"inLanguage\":\"en-US\"}]}<\/script>\n<!-- \/ Yoast SEO Premium plugin. -->","yoast_head_json":{"title":"Elkraftdagen - ARME","description":"Elkraftdagen \u00e4r en intressem\u00e4ssa som \u00e5rligen arrangeras av ARME i syfte att \u00f6ka intresset f\u00f6r elkraft bland studenter p\u00e5 grundprogrammen.","robots":{"index":"index","follow":"follow","max-snippet":"max-snippet:-1","max-image-preview":"max-image-preview:large","max-video-preview":"max-video-preview:-1"},"canonical":"https:\/\/arme.elektroteknolog.se\/en\/elkraftdagen\/","og_locale":"en_US","og_type":"article","og_title":"Elkraftdagen","og_description":"Elkraftdagen \u00e4r en intressem\u00e4ssa som \u00e5rligen arrangeras av ARME i syfte att \u00f6ka intresset f\u00f6r elkraft bland studenter p\u00e5 grundprogrammen.","og_url":"https:\/\/arme.elektroteknolog.se\/en\/elkraftdagen\/","og_site_name":"ARME","article_modified_time":"2026-03-25T11:57:49+00:00","twitter_card":"summary_large_image","twitter_misc":{"Est. reading time":"2 minutes"},"schema":{"@context":"https:\/\/schema.org","@graph":[{"@type":"WebPage","@id":"https:\/\/arme.elektroteknolog.se\/elkraftdagen\/","url":"https:\/\/arme.elektroteknolog.se\/elkraftdagen\/","name":"Elkraftdagen - ARME","isPartOf":{"@id":"https:\/\/arme.elektroteknolog.se\/#website"},"datePublished":"2025-03-06T16:04:54+00:00","dateModified":"2026-03-25T11:57:49+00:00","description":"Elkraftdagen \u00e4r en intressem\u00e4ssa som \u00e5rligen arrangeras av ARME i syfte att \u00f6ka intresset f\u00f6r elkraft bland studenter p\u00e5 grundprogrammen.","breadcrumb":{"@id":"https:\/\/arme.elektroteknolog.se\/elkraftdagen\/#breadcrumb"},"inLanguage":"en-US","potentialAction":[{"@type":"ReadAction","target":["https:\/\/arme.elektroteknolog.se\/elkraftdagen\/"]}]},{"@type":"BreadcrumbList","@id":"https:\/\/arme.elektroteknolog.se\/elkraftdagen\/#breadcrumb","itemListElement":[{"@type":"ListItem","position":1,"name":"Home","item":"https:\/\/arme.elektroteknolog.se\/"},{"@type":"ListItem","position":2,"name":"Elkraftdagen"}]},{"@type":"WebSite","@id":"https:\/\/arme.elektroteknolog.se\/#website","url":"https:\/\/arme.elektroteknolog.se\/","name":"ARME","description":"Arbetsmarknadsgruppen Elektro","potentialAction":[{"@type":"SearchAction","target":{"@type":"EntryPoint","urlTemplate":"https:\/\/arme.elektroteknolog.se\/?s={search_term_string}"},"query-input":{"@type":"PropertyValueSpecification","valueRequired":true,"valueName":"search_term_string"}}],"inLanguage":"en-US"}]}},"_links":{"self":[{"href":"https:\/\/arme.elektroteknolog.se\/en\/wp-json\/wp\/v2\/pages\/1708","targetHints":{"allow":["GET"]}}],"collection":[{"href":"https:\/\/arme.elektroteknolog.se\/en\/wp-json\/wp\/v2\/pages"}],"about":[{"href":"https:\/\/arme.elektroteknolog.se\/en\/wp-json\/wp\/v2\/types\/page"}],"author":[{"embeddable":true,"href":"https:\/\/arme.elektroteknolog.se\/en\/wp-json\/wp\/v2\/users\/1"}],"replies":[{"embeddable":true,"href":"https:\/\/arme.elektroteknolog.se\/en\/wp-json\/wp\/v2\/comments?post=1708"}],"version-history":[{"count":39,"href":"https:\/\/arme.elektroteknolog.se\/en\/wp-json\/wp\/v2\/pages\/1708\/revisions"}],"predecessor-version":[{"id":2055,"href":"https:\/\/arme.elektroteknolog.se\/en\/wp-json\/wp\/v2\/pages\/1708\/revisions\/2055"}],"wp:attachment":[{"href":"https:\/\/arme.elektroteknolog.se\/en\/wp-json\/wp\/v2\/media?parent=1708"}],"curies":[{"name":"wp","href":"https:\/\/api.w.org\/{rel}","templated":true}]}}